{"id":227,"date":"2025-07-28T13:27:10","date_gmt":"2025-07-28T19:27:10","guid":{"rendered":"https:\/\/mipucco.com\/?post_type=product&#038;p=227"},"modified":"2025-07-28T13:35:58","modified_gmt":"2025-07-28T19:35:58","slug":"botella-de-agua-portatil-para-mascotas","status":"publish","type":"product","link":"https:\/\/mipucco.com\/?product=botella-de-agua-portatil-para-mascotas","title":{"rendered":"Botella de Agua Port\u00e1til para Mascotas"},"content":{"rendered":"<blockquote><p>La botella de agua para perros de tama\u00f1o peque\u00f1o es imprescindible para los due\u00f1os de mascotas que les gusta llevar a su amigo peludo a aventuras al aire libre.<\/p><\/blockquote>\n","protected":false},"excerpt":{"rendered":"<blockquote>\n<h3>La botella viene con una caja de comida y cuchara, por lo que es conveniente para la hora de comer. Es f\u00e1cil de llevar, port\u00e1til y se puede utilizar durante mucho tiempo.<\/h3>\n<\/blockquote>\n","protected":false},"featured_media":228,"template":"","meta":{"_et_pb_use_builder":"","_et_pb_old_content":"","_et_gb_content_width":""},"product_brand":[],"product_cat":[45],"product_tag":[],"class_list":{"0":"post-227","1":"product","2":"type-product","3":"status-publish","4":"has-post-thumbnail","6":"product_cat-accesorio-alimento","8":"first","9":"instock","10":"sold-individually","11":"shipping-taxable","12":"purchasable","13":"product-type-simple"},"_links":{"self":[{"href":"https:\/\/mipucco.com\/index.php?rest_route=\/wp\/v2\/product\/227","targetHints":{"allow":["GET"]}}],"collection":[{"href":"https:\/\/mipucco.com\/index.php?rest_route=\/wp\/v2\/product"}],"about":[{"href":"https:\/\/mipucco.com\/index.php?rest_route=\/wp\/v2\/types\/product"}],"wp:featuredmedia":[{"embeddable":true,"href":"https:\/\/mipucco.com\/index.php?rest_route=\/wp\/v2\/media\/228"}],"wp:attachment":[{"href":"https:\/\/mipucco.com\/index.php?rest_route=%2Fwp%2Fv2%2Fmedia&parent=227"}],"wp:term":[{"taxonomy":"product_brand","embeddable":true,"href":"https:\/\/mipucco.com\/index.php?rest_route=%2Fwp%2Fv2%2Fproduct_brand&post=227"},{"taxonomy":"product_cat","embeddable":true,"href":"https:\/\/mipucco.com\/index.php?rest_route=%2Fwp%2Fv2%2Fproduct_cat&post=227"},{"taxonomy":"product_tag","embeddable":true,"href":"https:\/\/mipucco.com\/index.php?rest_route=%2Fwp%2Fv2%2Fproduct_tag&post=227"}],"curies":[{"name":"wp","href":"https:\/\/api.w.org\/{rel}","templated":true}]}}