{"id":57,"date":"2025-07-10T12:37:18","date_gmt":"2025-07-10T18:37:18","guid":{"rendered":"https:\/\/mipucco.com\/?post_type=product&#038;p=57"},"modified":"2025-07-10T12:44:58","modified_gmt":"2025-07-10T18:44:58","slug":"manguera-de-ducha-para-mascotas-herramienta-de-limpieza","status":"publish","type":"product","link":"https:\/\/mipucco.com\/?product=manguera-de-ducha-para-mascotas-herramienta-de-limpieza","title":{"rendered":"Manguera de ducha para mascotas &#8211; herramienta de limpieza"},"content":{"rendered":"<blockquote><p>Herramienta de ba\u00f1o para mascotas, ducha c\u00f3moda, desag\u00fces, herramienta de limpieza de manguera<\/p>\n<p>&nbsp;<\/p><\/blockquote>\n","protected":false},"excerpt":{"rendered":"<blockquote>\n<h3><strong>Suministros para mascotas,<\/strong><\/h3>\n<\/blockquote>\n","protected":false},"featured_media":58,"template":"","meta":{"_et_pb_use_builder":"","_et_pb_old_content":"","_et_gb_content_width":""},"product_brand":[],"product_cat":[43],"product_tag":[],"class_list":{"0":"post-57","1":"product","2":"type-product","3":"status-publish","4":"has-post-thumbnail","6":"product_cat-limpieza-y-bano","8":"first","9":"instock","10":"sold-individually","11":"shipping-taxable","12":"purchasable","13":"product-type-simple"},"_links":{"self":[{"href":"https:\/\/mipucco.com\/index.php?rest_route=\/wp\/v2\/product\/57","targetHints":{"allow":["GET"]}}],"collection":[{"href":"https:\/\/mipucco.com\/index.php?rest_route=\/wp\/v2\/product"}],"about":[{"href":"https:\/\/mipucco.com\/index.php?rest_route=\/wp\/v2\/types\/product"}],"wp:featuredmedia":[{"embeddable":true,"href":"https:\/\/mipucco.com\/index.php?rest_route=\/wp\/v2\/media\/58"}],"wp:attachment":[{"href":"https:\/\/mipucco.com\/index.php?rest_route=%2Fwp%2Fv2%2Fmedia&parent=57"}],"wp:term":[{"taxonomy":"product_brand","embeddable":true,"href":"https:\/\/mipucco.com\/index.php?rest_route=%2Fwp%2Fv2%2Fproduct_brand&post=57"},{"taxonomy":"product_cat","embeddable":true,"href":"https:\/\/mipucco.com\/index.php?rest_route=%2Fwp%2Fv2%2Fproduct_cat&post=57"},{"taxonomy":"product_tag","embeddable":true,"href":"https:\/\/mipucco.com\/index.php?rest_route=%2Fwp%2Fv2%2Fproduct_tag&post=57"}],"curies":[{"name":"wp","href":"https:\/\/api.w.org\/{rel}","templated":true}]}}